{"id":29,"date":"2024-07-06T18:34:21","date_gmt":"2024-07-06T18:34:21","guid":{"rendered":"https:\/\/utilimpieza.com\/?page_id=29"},"modified":"2024-08-30T22:47:34","modified_gmt":"2024-08-30T22:47:34","slug":"servicios","status":"publish","type":"page","link":"https:\/\/utilimpieza.com\/index.php\/servicios\/","title":{"rendered":"Servicios"},"content":{"rendered":"\t\t<div data-elementor-type=\"wp-page\" data-elementor-id=\"29\" class=\"elementor elementor-29\" data-elementor-post-type=\"page\">\n\t\t\t\t<div class=\"elementor-element elementor-element-1a7d1b31 e-flex e-con-boxed e-con e-parent\" data-id=\"1a7d1b31\" data-element_type=\"container\" data-settings=\"{&quot;background_background&quot;:&quot;classic&quot;}\">\n\t\t\t\t\t<div class=\"e-con-inner\">\n\t\t\t\t<div class=\"elementor-element elementor-element-3824416 elementor-widget elementor-widget-heading\" data-id=\"3824416\" data-element_type=\"widget\" data-widget_type=\"heading.default\">\n\t\t\t\t<div class=\"elementor-widget-container\">\n\t\t\t<style>\/*! elementor - v3.22.0 - 26-06-2024 *\/\n.elementor-heading-title{padding:0;margin:0;line-height:1}.elementor-widget-heading .elementor-heading-title[class*=elementor-size-]>a{color:inherit;font-size:inherit;line-height:inherit}.elementor-widget-heading .elementor-heading-title.elementor-size-small{font-size:15px}.elementor-widget-heading .elementor-heading-title.elementor-size-medium{font-size:19px}.elementor-widget-heading .elementor-heading-title.elementor-size-large{font-size:29px}.elementor-widget-heading .elementor-heading-title.elementor-size-xl{font-size:39px}.elementor-widget-heading .elementor-heading-title.elementor-size-xxl{font-size:59px}<\/style><h1 class=\"elementor-heading-title elementor-size-default\">Servicios<\/h1>\t\t<\/div>\n\t\t\t\t<\/div>\n\t\t\t\t<div class=\"elementor-element elementor-element-312bbc47 elementor-widget elementor-widget-text-editor\" data-id=\"312bbc47\" data-element_type=\"widget\" data-widget_type=\"text-editor.default\">\n\t\t\t\t<div class=\"elementor-widget-container\">\n\t\t\t<style>\/*! elementor - v3.22.0 - 26-06-2024 *\/\n.elementor-widget-text-editor.elementor-drop-cap-view-stacked .elementor-drop-cap{background-color:#69727d;color:#fff}.elementor-widget-text-editor.elementor-drop-cap-view-framed .elementor-drop-cap{color:#69727d;border:3px solid;background-color:transparent}.elementor-widget-text-editor:not(.elementor-drop-cap-view-default) .elementor-drop-cap{margin-top:8px}.elementor-widget-text-editor:not(.elementor-drop-cap-view-default) .elementor-drop-cap-letter{width:1em;height:1em}.elementor-widget-text-editor .elementor-drop-cap{float:left;text-align:center;line-height:1;font-size:50px}.elementor-widget-text-editor .elementor-drop-cap-letter{display:inline-block}<\/style>\t\t\t\t<p>Inicio \/ Servicios<\/p>\t\t\t\t\t\t<\/div>\n\t\t\t\t<\/div>\n\t\t\t\t\t<\/div>\n\t\t\t\t<\/div>\n\t\t<div class=\"elementor-element elementor-element-cb636b6 e-flex e-con-boxed e-con e-parent\" data-id=\"cb636b6\" data-element_type=\"container\">\n\t\t\t\t\t<div class=\"e-con-inner\">\n\t\t\t\t<div class=\"elementor-element elementor-element-c46e884 elementor-widget elementor-widget-heading\" data-id=\"c46e884\" data-element_type=\"widget\" data-widget_type=\"heading.default\">\n\t\t\t\t<div class=\"elementor-widget-container\">\n\t\t\t<h2 class=\"elementor-heading-title elementor-size-default\">NOSOTROS<\/h2>\t\t<\/div>\n\t\t\t\t<\/div>\n\t\t\t\t<div class=\"elementor-element elementor-element-0064776 elementor-widget elementor-widget-text-editor\" data-id=\"0064776\" data-element_type=\"widget\" data-widget_type=\"text-editor.default\">\n\t\t\t\t<div class=\"elementor-widget-container\">\n\t\t\t\t\t\t\t<p data-pm-slice=\"1 1 []\">Hemos iniciado este proyecto con la ideolog\u00eda de prestar servicios de calidad, supervisando las distintas gestiones que realiza nuestro personal y una comunicaci\u00f3n constante con nuestros clientes garantizando su satisfacci\u00f3n.<br \/><strong>MISION<\/strong><br \/>Utilimpieza S.A.S., ofrece a nuestros clientes un servicio eficiente y de excelente calidad, mejorando continuamente y generando bienestar a nuestros empleados para brindar la mayor experiencia de limpieza.<br \/><strong>VISION<\/strong><br \/>Utilimpieza S.A.S., fue creada para satisfacer las necesidades y ser la empresa l\u00edder a nivel nacional de Recursos Humanos especializada en limpieza, atendiendo a las caracter\u00edsticas de cada uno de nuestros clientes, dando siempre lo mejor, promoviendo un servicio de calidad para obtener su satisfaccion.<\/p>\t\t\t\t\t\t<\/div>\n\t\t\t\t<\/div>\n\t\t\t\t\t<\/div>\n\t\t\t\t<\/div>\n\t\t<div class=\"elementor-element elementor-element-5be8d426 e-flex e-con-boxed e-con e-parent\" data-id=\"5be8d426\" data-element_type=\"container\" data-settings=\"{&quot;background_background&quot;:&quot;classic&quot;}\">\n\t\t\t\t\t<div class=\"e-con-inner\">\n\t\t<div class=\"elementor-element elementor-element-6d53ffe5 e-con-full e-flex e-con e-child\" data-id=\"6d53ffe5\" data-element_type=\"container\">\n\t\t<div class=\"elementor-element elementor-element-53eceb13 e-con-full e-flex e-con e-child\" data-id=\"53eceb13\" data-element_type=\"container\">\n\t\t\t\t<div class=\"elementor-element elementor-element-1a97f76 elementor-widget elementor-widget-heading\" data-id=\"1a97f76\" data-element_type=\"widget\" data-widget_type=\"heading.default\">\n\t\t\t\t<div class=\"elementor-widget-container\">\n\t\t\t<h2 class=\"elementor-heading-title elementor-size-default\">Por que confiar en nosotros\u200b<\/h2>\t\t<\/div>\n\t\t\t\t<\/div>\n\t\t\t\t<\/div>\n\t\t<div class=\"elementor-element elementor-element-372532d7 e-con-full e-flex e-con e-child\" data-id=\"372532d7\" data-element_type=\"container\">\n\t\t\t\t<div class=\"elementor-element elementor-element-18c1a0 elementor-widget elementor-widget-text-editor\" data-id=\"18c1a0\" data-element_type=\"widget\" data-widget_type=\"text-editor.default\">\n\t\t\t\t<div class=\"elementor-widget-container\">\n\t\t\t\t\t\t\t<p>Servicios Generales, Mantenimiento y Recepci\u00f3n, con una fuerte motivaci\u00f3n y autoexigencia para lograr nuestros objetivos de brindar un servicio de calidad, confianza y garant\u00eda a cada uno de nuestros clientes.<\/p>\t\t\t\t\t\t<\/div>\n\t\t\t\t<\/div>\n\t\t\t\t<div class=\"elementor-element elementor-element-c1c5a74 elementor-widget elementor-widget-text-editor\" data-id=\"c1c5a74\" data-element_type=\"widget\" data-widget_type=\"text-editor.default\">\n\t\t\t\t<div class=\"elementor-widget-container\">\n\t\t\t\t\t\t\t<p>Servicios Generales, Mantenimiento y Recepci\u00f3n, con una fuerte motivaci\u00f3n y autoexigencia para lograr nuestros objetivos de brindar un servicio de calidad, confianza y garant\u00eda a cada uno de nuestros clientes.<\/p>\t\t\t\t\t\t<\/div>\n\t\t\t\t<\/div>\n\t\t\t\t<\/div>\n\t\t\t\t<\/div>\n\t\t<div class=\"elementor-element elementor-element-2bb5d91b e-con-full e-flex e-con e-child\" data-id=\"2bb5d91b\" data-element_type=\"container\">\n\t\t\t\t<div class=\"elementor-element elementor-element-437b6a2c elementor-widget__width-initial pp-info-box-top elementor-widget elementor-widget-pp-info-box\" data-id=\"437b6a2c\" data-element_type=\"widget\" data-widget_type=\"pp-info-box.default\">\n\t\t\t\t<div class=\"elementor-widget-container\">\n\t\t\t\t\t<a class=\"pp-info-box-container\" href=\"https:\/\/api.whatsapp.com\/send\/?phone=573113861529&#038;text&#038;type=phone_number&#038;app_absent=0\">\n\t\t\t<div class=\"pp-info-box\">\n\t\t\t\t\t\t\t\t\t<div class=\"pp-info-box-icon-wrap\">\n\t\t\t\t\t\t\t\t\t\t\t\t\t\t<span class=\"pp-info-box-icon pp-icon\">\n\t\t\t<img fetchpriority=\"high\" decoding=\"async\" width=\"1920\" height=\"2560\" src=\"https:\/\/utilimpieza.com\/wp-content\/uploads\/2024\/07\/IMG20220507115303-1-scaled.jpg\" class=\"attachment-full size-full wp-image-257\" alt=\"\" srcset=\"https:\/\/utilimpieza.com\/wp-content\/uploads\/2024\/07\/IMG20220507115303-1-scaled.jpg 1920w, https:\/\/utilimpieza.com\/wp-content\/uploads\/2024\/07\/IMG20220507115303-1-225x300.jpg 225w, https:\/\/utilimpieza.com\/wp-content\/uploads\/2024\/07\/IMG20220507115303-1-768x1024.jpg 768w, https:\/\/utilimpieza.com\/wp-content\/uploads\/2024\/07\/IMG20220507115303-1-1152x1536.jpg 1152w, https:\/\/utilimpieza.com\/wp-content\/uploads\/2024\/07\/IMG20220507115303-1-1536x2048.jpg 1536w, https:\/\/utilimpieza.com\/wp-content\/uploads\/2024\/07\/IMG20220507115303-1-600x800.jpg 600w\" sizes=\"(max-width: 1920px) 100vw, 1920px\" \/>\t\t<\/span>\n\t\t\t\t\t\t\t\t\t\t\t\t\t<\/div>\n\t\t\t\t\t\t\t\t<div class=\"pp-info-box-content\">\n\t\t\t\t\t<div class=\"pp-info-box-title-wrap\">\n\t\t\t\t\t\t\t\t\t\t\t\t\t<div class=\"pp-info-box-title-container\">\n\t\t\t\t\t\t\t\t<h3 class=\"pp-info-box-title\">\n\t\t\t\t\t\t\t\t\tServicio para el hogar\t\t\t\t\t\t\t\t<\/h3>\n\t\t\t\t\t\t\t<\/div>\n\t\t\t\t\t\t\t\t\t\t\t\t<\/div>\n\n\t\t\t\t\t\n\t\t\t\t\t\t\t\t\t\t\t\t\t\t<\/div>\n\t\t\t<\/div>\n\t\t<\/a>\n\t\t\t\t<\/div>\n\t\t\t\t<\/div>\n\t\t\t\t<div class=\"elementor-element elementor-element-1da52a59 pp-info-box-top elementor-widget elementor-widget-pp-info-box\" data-id=\"1da52a59\" data-element_type=\"widget\" data-widget_type=\"pp-info-box.default\">\n\t\t\t\t<div class=\"elementor-widget-container\">\n\t\t\t\t\t<a class=\"pp-info-box-container\" href=\"https:\/\/api.whatsapp.com\/send\/?phone=573113861529&#038;text&#038;type=phone_number&#038;app_absent=0\">\n\t\t\t<div class=\"pp-info-box\">\n\t\t\t\t\t\t\t\t\t<div class=\"pp-info-box-icon-wrap\">\n\t\t\t\t\t\t\t\t\t\t\t\t\t\t<span class=\"pp-info-box-icon pp-icon\">\n\t\t\t<img decoding=\"async\" width=\"1920\" height=\"2560\" src=\"https:\/\/utilimpieza.com\/wp-content\/uploads\/2024\/07\/IMG20220507120228-1-scaled.jpg\" class=\"attachment-full size-full wp-image-258\" alt=\"\" srcset=\"https:\/\/utilimpieza.com\/wp-content\/uploads\/2024\/07\/IMG20220507120228-1-scaled.jpg 1920w, https:\/\/utilimpieza.com\/wp-content\/uploads\/2024\/07\/IMG20220507120228-1-225x300.jpg 225w, https:\/\/utilimpieza.com\/wp-content\/uploads\/2024\/07\/IMG20220507120228-1-768x1024.jpg 768w, https:\/\/utilimpieza.com\/wp-content\/uploads\/2024\/07\/IMG20220507120228-1-1152x1536.jpg 1152w, https:\/\/utilimpieza.com\/wp-content\/uploads\/2024\/07\/IMG20220507120228-1-1536x2048.jpg 1536w, https:\/\/utilimpieza.com\/wp-content\/uploads\/2024\/07\/IMG20220507120228-1-600x800.jpg 600w\" sizes=\"(max-width: 1920px) 100vw, 1920px\" \/>\t\t<\/span>\n\t\t\t\t\t\t\t\t\t\t\t\t\t<\/div>\n\t\t\t\t\t\t\t\t<div class=\"pp-info-box-content\">\n\t\t\t\t\t<div class=\"pp-info-box-title-wrap\">\n\t\t\t\t\t\t\t\t\t\t\t\t\t<div class=\"pp-info-box-title-container\">\n\t\t\t\t\t\t\t\t<h3 class=\"pp-info-box-title\">\n\t\t\t\t\t\t\t\t\tServicio Comercial\t\t\t\t\t\t\t\t<\/h3>\n\t\t\t\t\t\t\t<\/div>\n\t\t\t\t\t\t\t\t\t\t\t\t<\/div>\n\n\t\t\t\t\t\n\t\t\t\t\t\t\t\t\t\t\t\t\t\t<\/div>\n\t\t\t<\/div>\n\t\t<\/a>\n\t\t\t\t<\/div>\n\t\t\t\t<\/div>\n\t\t\t\t<div class=\"elementor-element elementor-element-2bf58a3f pp-info-box-top elementor-widget elementor-widget-pp-info-box\" data-id=\"2bf58a3f\" data-element_type=\"widget\" data-widget_type=\"pp-info-box.default\">\n\t\t\t\t<div class=\"elementor-widget-container\">\n\t\t\t\t\t<a class=\"pp-info-box-container\" href=\"https:\/\/api.whatsapp.com\/send\/?phone=573113861529&#038;text&#038;type=phone_number&#038;app_absent=0\">\n\t\t\t<div class=\"pp-info-box\">\n\t\t\t\t\t\t\t\t\t<div class=\"pp-info-box-icon-wrap\">\n\t\t\t\t\t\t\t\t\t\t\t\t\t\t<span class=\"pp-info-box-icon pp-icon\">\n\t\t\t<img decoding=\"async\" width=\"1920\" height=\"2560\" src=\"https:\/\/utilimpieza.com\/wp-content\/uploads\/2024\/07\/IMG20220507115831-2-scaled.jpg\" class=\"attachment-full size-full wp-image-268\" alt=\"\" srcset=\"https:\/\/utilimpieza.com\/wp-content\/uploads\/2024\/07\/IMG20220507115831-2-scaled.jpg 1920w, https:\/\/utilimpieza.com\/wp-content\/uploads\/2024\/07\/IMG20220507115831-2-225x300.jpg 225w, https:\/\/utilimpieza.com\/wp-content\/uploads\/2024\/07\/IMG20220507115831-2-768x1024.jpg 768w, https:\/\/utilimpieza.com\/wp-content\/uploads\/2024\/07\/IMG20220507115831-2-1152x1536.jpg 1152w, https:\/\/utilimpieza.com\/wp-content\/uploads\/2024\/07\/IMG20220507115831-2-1536x2048.jpg 1536w, https:\/\/utilimpieza.com\/wp-content\/uploads\/2024\/07\/IMG20220507115831-2-600x800.jpg 600w\" sizes=\"(max-width: 1920px) 100vw, 1920px\" \/>\t\t<\/span>\n\t\t\t\t\t\t\t\t\t\t\t\t\t<\/div>\n\t\t\t\t\t\t\t\t<div class=\"pp-info-box-content\">\n\t\t\t\t\t<div class=\"pp-info-box-title-wrap\">\n\t\t\t\t\t\t\t\t\t\t\t\t\t<div class=\"pp-info-box-title-container\">\n\t\t\t\t\t\t\t\t<h3 class=\"pp-info-box-title\">\n\t\t\t\t\t\t\t\t\tServicio especial\t\t\t\t\t\t\t\t<\/h3>\n\t\t\t\t\t\t\t<\/div>\n\t\t\t\t\t\t\t\t\t\t\t\t<\/div>\n\n\t\t\t\t\t\n\t\t\t\t\t\t\t\t\t\t\t\t\t\t<\/div>\n\t\t\t<\/div>\n\t\t<\/a>\n\t\t\t\t<\/div>\n\t\t\t\t<\/div>\n\t\t\t\t<\/div>\n\t\t<div class=\"elementor-element elementor-element-159889f e-con-full e-flex e-con e-child\" data-id=\"159889f\" data-element_type=\"container\">\n\t\t\t\t<div class=\"elementor-element elementor-element-13cee72 elementor-widget__width-initial pp-info-box-top elementor-widget elementor-widget-pp-info-box\" data-id=\"13cee72\" data-element_type=\"widget\" data-widget_type=\"pp-info-box.default\">\n\t\t\t\t<div class=\"elementor-widget-container\">\n\t\t\t\t\t<a class=\"pp-info-box-container\" href=\"https:\/\/api.whatsapp.com\/send\/?phone=573113861529&#038;text&#038;type=phone_number&#038;app_absent=0\">\n\t\t\t<div class=\"pp-info-box\">\n\t\t\t\t\t\t\t\t\t<div class=\"pp-info-box-icon-wrap\">\n\t\t\t\t\t\t\t\t\t\t\t\t\t\t<span class=\"pp-info-box-icon pp-icon\">\n\t\t\t<img loading=\"lazy\" decoding=\"async\" width=\"1920\" height=\"2560\" src=\"https:\/\/utilimpieza.com\/wp-content\/uploads\/2024\/07\/IMG20220507100552-scaled.jpg\" class=\"attachment-full size-full wp-image-270\" alt=\"\" srcset=\"https:\/\/utilimpieza.com\/wp-content\/uploads\/2024\/07\/IMG20220507100552-scaled.jpg 1920w, https:\/\/utilimpieza.com\/wp-content\/uploads\/2024\/07\/IMG20220507100552-225x300.jpg 225w, https:\/\/utilimpieza.com\/wp-content\/uploads\/2024\/07\/IMG20220507100552-768x1024.jpg 768w, https:\/\/utilimpieza.com\/wp-content\/uploads\/2024\/07\/IMG20220507100552-1152x1536.jpg 1152w, https:\/\/utilimpieza.com\/wp-content\/uploads\/2024\/07\/IMG20220507100552-1536x2048.jpg 1536w, https:\/\/utilimpieza.com\/wp-content\/uploads\/2024\/07\/IMG20220507100552-600x800.jpg 600w\" sizes=\"(max-width: 1920px) 100vw, 1920px\" \/>\t\t<\/span>\n\t\t\t\t\t\t\t\t\t\t\t\t\t<\/div>\n\t\t\t\t\t\t\t\t<div class=\"pp-info-box-content\">\n\t\t\t\t\t<div class=\"pp-info-box-title-wrap\">\n\t\t\t\t\t\t\t\t\t\t\t\t\t<div class=\"pp-info-box-title-container\">\n\t\t\t\t\t\t\t\t<h3 class=\"pp-info-box-title\">\n\t\t\t\t\t\t\t\t\tApartamento limpio\t\t\t\t\t\t\t\t<\/h3>\n\t\t\t\t\t\t\t<\/div>\n\t\t\t\t\t\t\t\t\t\t\t\t<\/div>\n\n\t\t\t\t\t\n\t\t\t\t\t\t\t\t\t\t\t\t\t\t<\/div>\n\t\t\t<\/div>\n\t\t<\/a>\n\t\t\t\t<\/div>\n\t\t\t\t<\/div>\n\t\t\t\t<div class=\"elementor-element elementor-element-3157e540 elementor-widget__width-initial pp-info-box-top elementor-widget elementor-widget-pp-info-box\" data-id=\"3157e540\" data-element_type=\"widget\" data-widget_type=\"pp-info-box.default\">\n\t\t\t\t<div class=\"elementor-widget-container\">\n\t\t\t\t\t<a class=\"pp-info-box-container\" href=\"https:\/\/api.whatsapp.com\/send\/?phone=573113861529&#038;text&#038;type=phone_number&#038;app_absent=0\">\n\t\t\t<div class=\"pp-info-box\">\n\t\t\t\t\t\t\t\t\t<div class=\"pp-info-box-icon-wrap\">\n\t\t\t\t\t\t\t\t\t\t\t\t\t\t<span class=\"pp-info-box-icon pp-icon\">\n\t\t\t<img loading=\"lazy\" decoding=\"async\" width=\"1920\" height=\"2560\" src=\"https:\/\/utilimpieza.com\/wp-content\/uploads\/2024\/07\/IMG20220507120228-scaled.jpg\" class=\"attachment-full size-full wp-image-272\" alt=\"\" srcset=\"https:\/\/utilimpieza.com\/wp-content\/uploads\/2024\/07\/IMG20220507120228-scaled.jpg 1920w, https:\/\/utilimpieza.com\/wp-content\/uploads\/2024\/07\/IMG20220507120228-225x300.jpg 225w, https:\/\/utilimpieza.com\/wp-content\/uploads\/2024\/07\/IMG20220507120228-768x1024.jpg 768w, https:\/\/utilimpieza.com\/wp-content\/uploads\/2024\/07\/IMG20220507120228-1152x1536.jpg 1152w, https:\/\/utilimpieza.com\/wp-content\/uploads\/2024\/07\/IMG20220507120228-1536x2048.jpg 1536w, https:\/\/utilimpieza.com\/wp-content\/uploads\/2024\/07\/IMG20220507120228-600x800.jpg 600w\" sizes=\"(max-width: 1920px) 100vw, 1920px\" \/>\t\t<\/span>\n\t\t\t\t\t\t\t\t\t\t\t\t\t<\/div>\n\t\t\t\t\t\t\t\t<div class=\"pp-info-box-content\">\n\t\t\t\t\t<div class=\"pp-info-box-title-wrap\">\n\t\t\t\t\t\t\t\t\t\t\t\t\t<div class=\"pp-info-box-title-container\">\n\t\t\t\t\t\t\t\t<h3 class=\"pp-info-box-title\">\n\t\t\t\t\t\t\t\t\tLimpieza de oficina\t\t\t\t\t\t\t\t<\/h3>\n\t\t\t\t\t\t\t<\/div>\n\t\t\t\t\t\t\t\t\t\t\t\t<\/div>\n\n\t\t\t\t\t\n\t\t\t\t\t\t\t\t\t\t\t\t\t\t<\/div>\n\t\t\t<\/div>\n\t\t<\/a>\n\t\t\t\t<\/div>\n\t\t\t\t<\/div>\n\t\t\t\t<div class=\"elementor-element elementor-element-48dc9fe5 elementor-widget__width-initial pp-info-box-top elementor-widget elementor-widget-pp-info-box\" data-id=\"48dc9fe5\" data-element_type=\"widget\" data-widget_type=\"pp-info-box.default\">\n\t\t\t\t<div class=\"elementor-widget-container\">\n\t\t\t\t\t<a class=\"pp-info-box-container\" href=\"https:\/\/api.whatsapp.com\/send\/?phone=573113861529&#038;text&#038;type=phone_number&#038;app_absent=0\">\n\t\t\t<div class=\"pp-info-box\">\n\t\t\t\t\t\t\t\t\t<div class=\"pp-info-box-icon-wrap\">\n\t\t\t\t\t\t\t\t\t\t\t\t\t\t<span class=\"pp-info-box-icon pp-icon\">\n\t\t\t<img loading=\"lazy\" decoding=\"async\" width=\"1536\" height=\"2048\" src=\"https:\/\/utilimpieza.com\/wp-content\/uploads\/2024\/07\/281731982_350611827172711_8411444883586098194_n-1.jpg\" class=\"attachment-full size-full wp-image-273\" alt=\"\" srcset=\"https:\/\/utilimpieza.com\/wp-content\/uploads\/2024\/07\/281731982_350611827172711_8411444883586098194_n-1.jpg 1536w, https:\/\/utilimpieza.com\/wp-content\/uploads\/2024\/07\/281731982_350611827172711_8411444883586098194_n-1-225x300.jpg 225w, https:\/\/utilimpieza.com\/wp-content\/uploads\/2024\/07\/281731982_350611827172711_8411444883586098194_n-1-768x1024.jpg 768w, https:\/\/utilimpieza.com\/wp-content\/uploads\/2024\/07\/281731982_350611827172711_8411444883586098194_n-1-1152x1536.jpg 1152w, https:\/\/utilimpieza.com\/wp-content\/uploads\/2024\/07\/281731982_350611827172711_8411444883586098194_n-1-600x800.jpg 600w\" sizes=\"(max-width: 1536px) 100vw, 1536px\" \/>\t\t<\/span>\n\t\t\t\t\t\t\t\t\t\t\t\t\t<\/div>\n\t\t\t\t\t\t\t\t<div class=\"pp-info-box-content\">\n\t\t\t\t\t<div class=\"pp-info-box-title-wrap\">\n\t\t\t\t\t\t\t\t\t\t\t\t\t<div class=\"pp-info-box-title-container\">\n\t\t\t\t\t\t\t\t<h3 class=\"pp-info-box-title\">\n\t\t\t\t\t\t\t\t\tGeneral\t\t\t\t\t\t\t\t<\/h3>\n\t\t\t\t\t\t\t<\/div>\n\t\t\t\t\t\t\t\t\t\t\t\t<\/div>\n\n\t\t\t\t\t\n\t\t\t\t\t\t\t\t\t\t\t\t\t\t<\/div>\n\t\t\t<\/div>\n\t\t<\/a>\n\t\t\t\t<\/div>\n\t\t\t\t<\/div>\n\t\t\t\t<\/div>\n\t\t\t\t\t<\/div>\n\t\t\t\t<\/div>\n\t\t<div class=\"elementor-element elementor-element-45e0314a e-flex e-con-boxed e-con e-parent\" data-id=\"45e0314a\" data-element_type=\"container\" data-settings=\"{&quot;background_background&quot;:&quot;classic&quot;}\">\n\t\t\t\t\t<div class=\"e-con-inner\">\n\t\t\t\t<div class=\"elementor-element elementor-element-7044ac5 elementor-widget elementor-widget-heading\" data-id=\"7044ac5\" data-element_type=\"widget\" data-widget_type=\"heading.default\">\n\t\t\t\t<div class=\"elementor-widget-container\">\n\t\t\t<h2 class=\"elementor-heading-title elementor-size-default\">Obten el servicio<\/h2>\t\t<\/div>\n\t\t\t\t<\/div>\n\t\t\t\t<div class=\"elementor-element elementor-element-db1147d elementor-align-right elementor-widget elementor-widget-button\" data-id=\"db1147d\" data-element_type=\"widget\" data-widget_type=\"button.default\">\n\t\t\t\t<div class=\"elementor-widget-container\">\n\t\t\t\t\t<div class=\"elementor-button-wrapper\">\n\t\t\t<a class=\"elementor-button elementor-button-link elementor-size-lg\" href=\"https:\/\/api.whatsapp.com\/send\/?phone=573113861529&#038;text&#038;type=phone_number&#038;app_absent=0\">\n\t\t\t\t\t\t<span class=\"elementor-button-content-wrapper\">\n\t\t\t\t\t\t\t\t\t<span class=\"elementor-button-text\">Contacto<\/span>\n\t\t\t\t\t<\/span>\n\t\t\t\t\t<\/a>\n\t\t<\/div>\n\t\t\t\t<\/div>\n\t\t\t\t<\/div>\n\t\t\t\t\t<\/div>\n\t\t\t\t<\/div>\n\t\t\t\t<\/div>\n\t\t","protected":false},"excerpt":{"rendered":"<p>Servicios Inicio \/ Servicios NOSOTROS Hemos iniciado este proyecto con la ideolog\u00eda de prestar servicios de calidad, supervisando las distintas [&hellip;]<\/p>\n","protected":false},"author":1,"featured_media":0,"parent":0,"menu_order":0,"comment_status":"closed","ping_status":"closed","template":"elementor_canvas","meta":{"site-sidebar-layout":"no-sidebar","site-content-layout":"","ast-site-content-layout":"full-width-container","site-content-style":"default","site-sidebar-style":"default","ast-global-header-display":"","ast-banner-title-visibility":"","ast-main-header-display":"","ast-hfb-above-header-display":"","ast-hfb-below-header-display":"","ast-hfb-mobile-header-display":"","site-post-title":"disabled","ast-breadcrumbs-content":"","ast-featured-img":"disabled","footer-sml-layout":"","theme-transparent-header-meta":"","adv-header-id-meta":"","stick-header-meta":"","header-above-stick-meta":"","header-main-stick-meta":"","header-below-stick-meta":"","astra-migrate-meta-layouts":"default","ast-page-background-enabled":"default","ast-page-background-meta":{"desktop":{"background-color":"var(--ast-global-color-4)","background-image":"","background-repeat":"repeat","background-position":"center center","background-size":"auto","background-attachment":"scroll","background-type":"","background-media":"","overlay-type":"","overlay-color":"","overlay-opacity":"","overlay-gradient":""},"tablet":{"background-color":"","background-image":"","background-repeat":"repeat","background-position":"center center","background-size":"auto","background-attachment":"scroll","background-type":"","background-media":"","overlay-type":"","overlay-color":"","overlay-opacity":"","overlay-gradient":""},"mobile":{"background-color":"","background-image":"","background-repeat":"repeat","background-position":"center center","background-size":"auto","background-attachment":"scroll","background-type":"","background-media":"","overlay-type":"","overlay-color":"","overlay-opacity":"","overlay-gradient":""}},"ast-content-background-meta":{"desktop":{"background-color":"var(--ast-global-color-5)","background-image":"","background-repeat":"repeat","background-position":"center center","background-size":"auto","background-attachment":"scroll","background-type":"","background-media":"","overlay-type":"","overlay-color":"","overlay-opacity":"","overlay-gradient":""},"tablet":{"background-color":"var(--ast-global-color-5)","background-image":"","background-repeat":"repeat","background-position":"center center","background-size":"auto","background-attachment":"scroll","background-type":"","background-media":"","overlay-type":"","overlay-color":"","overlay-opacity":"","overlay-gradient":""},"mobile":{"background-color":"var(--ast-global-color-5)","background-image":"","background-repeat":"repeat","background-position":"center center","background-size":"auto","background-attachment":"scroll","background-type":"","background-media":"","overlay-type":"","overlay-color":"","overlay-opacity":"","overlay-gradient":""}},"footnotes":""},"class_list":["post-29","page","type-page","status-publish","hentry"],"_links":{"self":[{"href":"https:\/\/utilimpieza.com\/index.php\/wp-json\/wp\/v2\/pages\/29","targetHints":{"allow":["GET"]}}],"collection":[{"href":"https:\/\/utilimpieza.com\/index.php\/wp-json\/wp\/v2\/pages"}],"about":[{"href":"https:\/\/utilimpieza.com\/index.php\/wp-json\/wp\/v2\/types\/page"}],"author":[{"embeddable":true,"href":"https:\/\/utilimpieza.com\/index.php\/wp-json\/wp\/v2\/users\/1"}],"replies":[{"embeddable":true,"href":"https:\/\/utilimpieza.com\/index.php\/wp-json\/wp\/v2\/comments?post=29"}],"version-history":[{"count":49,"href":"https:\/\/utilimpieza.com\/index.php\/wp-json\/wp\/v2\/pages\/29\/revisions"}],"predecessor-version":[{"id":373,"href":"https:\/\/utilimpieza.com\/index.php\/wp-json\/wp\/v2\/pages\/29\/revisions\/373"}],"wp:attachment":[{"href":"https:\/\/utilimpieza.com\/index.php\/wp-json\/wp\/v2\/media?parent=29"}],"curies":[{"name":"wp","href":"https:\/\/api.w.org\/{rel}","templated":true}]}}